{"id":92,"date":"2023-07-25T15:00:29","date_gmt":"2023-07-25T15:00:29","guid":{"rendered":"https:\/\/www.wohlklang-audio.at\/?page_id=92"},"modified":"2023-09-19T11:23:51","modified_gmt":"2023-09-19T11:23:51","slug":"mastering","status":"publish","type":"page","link":"https:\/\/www.wohlklang-audio.at\/index.php\/mastering\/","title":{"rendered":"Mastering"},"content":{"rendered":"<p>[et_pb_section fb_built=&#8220;1&#8243; fullwidth=&#8220;on&#8220; _builder_version=&#8220;4.21.0&#8243; _module_preset=&#8220;default&#8220; use_background_color_gradient=&#8220;on&#8220; background_color_gradient_type=&#8220;circular&#8220; background_color_gradient_stops=&#8220;rgba(37,34,34,0.3) 0%|rgba(7, 6, 6, 0.87) 50%|#000000 100%&#8220; background_color_gradient_overlays_image=&#8220;on&#8220; background_image=&#8220;https:\/\/www.wohlklang-audio.at\/wp-content\/uploads\/2023\/07\/Mastering_Bild_A-scaled.jpg&#8220; global_colors_info=&#8220;{}&#8220;][et_pb_fullwidth_header title=&#8220;Mastering&#8220; _builder_version=&#8220;4.21.0&#8243; _module_preset=&#8220;default&#8220; title_font=&#8220;Inter|700||on|||||&#8220; title_text_align=&#8220;center&#8220; title_font_size=&#8220;43px&#8220; title_line_height=&#8220;15em&#8220; background_enable_color=&#8220;off&#8220; title_font_size_tablet=&#8220;43px&#8220; title_font_size_phone=&#8220;28px&#8220; title_font_size_last_edited=&#8220;on|phone&#8220; global_colors_info=&#8220;{}&#8220;][\/et_pb_fullwidth_header][\/et_pb_section][et_pb_section fb_built=&#8220;1&#8243; specialty=&#8220;on&#8220; module_id=&#8220;liveprojekte-info&#8220; _builder_version=&#8220;4.21.0&#8243; _module_preset=&#8220;default&#8220; background_color=&#8220;#221f1f&#8220; global_colors_info=&#8220;{}&#8220;][et_pb_column type=&#8220;1_2&#8243; specialty_columns=&#8220;2&#8243; _builder_version=&#8220;4.16&#8243; custom_padding=&#8220;|||&#8220; global_colors_info=&#8220;{}&#8220; custom_padding__hover=&#8220;|||&#8220;][et_pb_row_inner _builder_version=&#8220;4.21.0&#8243; _module_preset=&#8220;default&#8220; global_colors_info=&#8220;{}&#8220;][et_pb_column_inner saved_specialty_column_type=&#8220;1_2&#8243; _builder_version=&#8220;4.21.0&#8243; _module_preset=&#8220;default&#8220; global_colors_info=&#8220;{}&#8220;][et_pb_blurb title=&#8220;Eine kleine Einf\u00fchrung ins Mastering&#8220; image=&#8220;https:\/\/www.wohlklang-audio.at\/wp-content\/uploads\/2023\/07\/Line1.png&#8220; icon_placement=&#8220;left&#8220; _builder_version=&#8220;4.21.0&#8243; _module_preset=&#8220;default&#8220; header_font=&#8220;|||on|||||&#8220; background_layout=&#8220;dark&#8220; global_colors_info=&#8220;{}&#8220;]<\/p>\n<p>Das Mastering beinhaltet eine Vielzahl von technischen Aufgaben, welche auf die Feinabstimmung des Klanges abzielen. Hierzu geh\u00f6ren die Optimierung des Frequenzgangs, die Anpassung der Lautst\u00e4rke, das Hinzuf\u00fcgen von Dynamik und Klarheit, die Kontrolle der Stereobreite und die Beseitigung von St\u00f6rungen wie Rauschen oder Klicks. Das Ziel des Masterings ist es, die Aufnahme in Bezug auf Klangbalance, Pr\u00e4senz und Gesamtlautst\u00e4rke zu verbessern. Dar\u00fcber hinaus ber\u00fccksichtigt das Audio-Mastering auch die Zielplattformen oder -medien, auf denen die Musik wiedergegeben werden soll. Verschiedene Formate wie CD, Vinyl, digitale Downloads oder Streaming-Dienste haben unterschiedliche Anforderungen und spezifische Richtlinien, die bei der Klangoptimierung ber\u00fccksichtigt werden m\u00fcssen.<\/p>\n<p>[\/et_pb_blurb][\/et_pb_column_inner][\/et_pb_row_inner][\/et_pb_column][et_pb_column type=&#8220;1_2&#8243; _builder_version=&#8220;4.16&#8243; custom_padding=&#8220;|||&#8220; global_colors_info=&#8220;{}&#8220; custom_padding__hover=&#8220;|||&#8220;][et_pb_image src=&#8220;https:\/\/www.wohlklang-audio.at\/wp-content\/uploads\/2023\/07\/Mastering_Bild_B-scaled.jpg&#8220; title_text=&#8220;Mastering_Bild_B&#8220; _builder_version=&#8220;4.21.0&#8243; _module_preset=&#8220;default&#8220; global_colors_info=&#8220;{}&#8220;][\/et_pb_image][\/et_pb_column][\/et_pb_section][et_pb_section fb_built=&#8220;1&#8243; specialty=&#8220;on&#8220; module_id=&#8220;mastering-info&#8220; _builder_version=&#8220;4.21.0&#8243; _module_preset=&#8220;default&#8220; background_color=&#8220;#252222&#8243; global_colors_info=&#8220;{}&#8220;][et_pb_column type=&#8220;1_2&#8243; _builder_version=&#8220;4.16&#8243; custom_padding=&#8220;|||&#8220; global_colors_info=&#8220;{}&#8220; custom_padding__hover=&#8220;|||&#8220;][et_pb_image src=&#8220;https:\/\/www.wohlklang-audio.at\/wp-content\/uploads\/2023\/07\/Mastering_Bild_C-scaled.jpg&#8220; title_text=&#8220;Mastering_Bild_C&#8220; _builder_version=&#8220;4.21.0&#8243; _module_preset=&#8220;default&#8220; global_colors_info=&#8220;{}&#8220;][\/et_pb_image][\/et_pb_column][et_pb_column type=&#8220;1_2&#8243; specialty_columns=&#8220;2&#8243; _builder_version=&#8220;4.16&#8243; custom_padding=&#8220;|||&#8220; global_colors_info=&#8220;{}&#8220; custom_padding__hover=&#8220;|||&#8220;][et_pb_row_inner _builder_version=&#8220;4.21.0&#8243; _module_preset=&#8220;default&#8220; global_colors_info=&#8220;{}&#8220;][et_pb_column_inner saved_specialty_column_type=&#8220;1_2&#8243; _builder_version=&#8220;4.21.0&#8243; _module_preset=&#8220;default&#8220; global_colors_info=&#8220;{}&#8220;][et_pb_blurb title=&#8220;Wie Gelangen Sie mit mir zum Ergebnis&#8220; image=&#8220;https:\/\/www.wohlklang-audio.at\/wp-content\/uploads\/2023\/07\/Line2.png&#8220; icon_placement=&#8220;left&#8220; _builder_version=&#8220;4.21.0&#8243; _module_preset=&#8220;default&#8220; header_font=&#8220;|||on|||||&#8220; background_layout=&#8220;dark&#8220; custom_css_blurb_image=&#8220;margin-left: 12px;&#8220; custom_css_blurb_content=&#8220;display: flex;||flex-direction: row-reverse;&#8220; global_colors_info=&#8220;{}&#8220;]<\/p>\n<p>Es ist wichtig anzumerken, dass Audio-Mastering ein Fachgebiet ist, das Erfahrung, technisches Wissen und ein geschultes Geh\u00f6r erfordert. Viele professionelle Musiker, Produzenten und Aufnahmestudios arbeiten mit spezialisierten Audio-Mastering-Ingenieuren zusammen, um sicherzustellen, dass ihre Musik bestm\u00f6glich klingt.<\/p>\n<p>Meine Laufbahn begann unter anderem bei Sony MUSIC DADC als MASTERING QC. Die Kontrolle, der in der Zeit von Sony produzierten CDs im Klassik wie Pop und Rock der Masterb\u00e4nder sowie der \u00dcberpr\u00fcfung der digitalisierten Versionen waren Tagesgesch\u00e4ft. Dabei wurde mein Geh\u00f6r ausgiebig auf die Aufgaben des Masterings geschult. Mittlerweile habe ich eine langj\u00e4hrige Erfahrung in diesem Bereich und schon zahlreiche Produktionen bei der Finalisierung begleitet.<\/p>\n<p>[\/et_pb_blurb][\/et_pb_column_inner][\/et_pb_row_inner][\/et_pb_column][\/et_pb_section][et_pb_section fb_built=&#8220;1&#8243; specialty=&#8220;on&#8220; module_id=&#8220;sounddesign-info&#8220; _builder_version=&#8220;4.21.0&#8243; _module_preset=&#8220;default&#8220; background_color=&#8220;#221f1f&#8220; global_colors_info=&#8220;{}&#8220;][et_pb_column type=&#8220;1_2&#8243; specialty_columns=&#8220;2&#8243; _builder_version=&#8220;4.16&#8243; custom_padding=&#8220;|||&#8220; global_colors_info=&#8220;{}&#8220; custom_padding__hover=&#8220;|||&#8220;][et_pb_row_inner _builder_version=&#8220;4.21.0&#8243; _module_preset=&#8220;default&#8220; global_colors_info=&#8220;{}&#8220;][et_pb_column_inner saved_specialty_column_type=&#8220;1_2&#8243; _builder_version=&#8220;4.21.0&#8243; _module_preset=&#8220;default&#8220; global_colors_info=&#8220;{}&#8220;][et_pb_blurb title=&#8220;Preise&#8220; image=&#8220;https:\/\/www.wohlklang-audio.at\/wp-content\/uploads\/2023\/07\/Line3.png&#8220; icon_placement=&#8220;left&#8220; _builder_version=&#8220;4.21.0&#8243; _module_preset=&#8220;default&#8220; header_font=&#8220;|||on|||||&#8220; background_layout=&#8220;dark&#8220; global_colors_info=&#8220;{}&#8220;]<\/p>\n<p>Ich verrechne pro Song <strong>50-70\u20ac <\/strong>abh\u00e4ngig von Aufwand und L\u00e4nge des St\u00fccks.<strong><\/strong><\/p>\n<p>&nbsp;<\/p>\n<p>[\/et_pb_blurb][\/et_pb_column_inner][\/et_pb_row_inner][\/et_pb_column][et_pb_column type=&#8220;1_2&#8243; _builder_version=&#8220;4.16&#8243; custom_padding=&#8220;|||&#8220; global_colors_info=&#8220;{}&#8220; custom_padding__hover=&#8220;|||&#8220;][et_pb_image src=&#8220;https:\/\/www.wohlklang-audio.at\/wp-content\/uploads\/2023\/07\/Mastering_Bild_D-scaled.jpg&#8220; title_text=&#8220;Mastering_Bild_D&#8220; _builder_version=&#8220;4.21.0&#8243; _module_preset=&#8220;default&#8220; global_colors_info=&#8220;{}&#8220;][\/et_pb_image][\/et_pb_column][\/et_pb_section]<\/p>\n","protected":false},"excerpt":{"rendered":"<p>Das Mastering beinhaltet eine Vielzahl von technischen Aufgaben, welche auf die Feinabstimmung des Klanges abzielen. Hierzu geh\u00f6ren die Optimierung des Frequenzgangs, die Anpassung der Lautst\u00e4rke, das Hinzuf\u00fcgen von Dynamik und Klarheit, die Kontrolle der Stereobreite und die Beseitigung von St\u00f6rungen wie Rauschen oder Klicks. Das Ziel des Masterings ist es, die Aufnahme in Bezug auf [&hellip;]<\/p>\n","protected":false},"author":1,"featured_media":0,"parent":0,"menu_order":0,"comment_status":"closed","ping_status":"closed","template":"","meta":{"_et_pb_use_builder":"on","_et_pb_old_content":"","_et_gb_content_width":"","footnotes":""},"class_list":["post-92","page","type-page","status-publish","hentry"],"_links":{"self":[{"href":"https:\/\/www.wohlklang-audio.at\/index.php\/wp-json\/wp\/v2\/pages\/92","targetHints":{"allow":["GET"]}}],"collection":[{"href":"https:\/\/www.wohlklang-audio.at\/index.php\/wp-json\/wp\/v2\/pages"}],"about":[{"href":"https:\/\/www.wohlklang-audio.at\/index.php\/wp-json\/wp\/v2\/types\/page"}],"author":[{"embeddable":true,"href":"https:\/\/www.wohlklang-audio.at\/index.php\/wp-json\/wp\/v2\/users\/1"}],"replies":[{"embeddable":true,"href":"https:\/\/www.wohlklang-audio.at\/index.php\/wp-json\/wp\/v2\/comments?post=92"}],"version-history":[{"count":6,"href":"https:\/\/www.wohlklang-audio.at\/index.php\/wp-json\/wp\/v2\/pages\/92\/revisions"}],"predecessor-version":[{"id":229,"href":"https:\/\/www.wohlklang-audio.at\/index.php\/wp-json\/wp\/v2\/pages\/92\/revisions\/229"}],"wp:attachment":[{"href":"https:\/\/www.wohlklang-audio.at\/index.php\/wp-json\/wp\/v2\/media?parent=92"}],"curies":[{"name":"wp","href":"https:\/\/api.w.org\/{rel}","templated":true}]}}