{"id":9,"date":"2023-07-25T13:38:53","date_gmt":"2023-07-25T13:38:53","guid":{"rendered":"https:\/\/www.wohlklang-audio.at\/?page_id=9"},"modified":"2025-03-24T18:20:57","modified_gmt":"2025-03-24T18:20:57","slug":"home","status":"publish","type":"page","link":"https:\/\/www.wohlklang-audio.at\/","title":{"rendered":"Home"},"content":{"rendered":"<p>[et_pb_section fb_built=&#8220;1&#8243; _builder_version=&#8220;4.21.0&#8243; _module_preset=&#8220;default&#8220; custom_margin=&#8220;0px||0px||false|false&#8220; custom_padding=&#8220;0px||0px||false|false&#8220; global_colors_info=&#8220;{}&#8220;][et_pb_row column_structure=&#8220;1_4,1_4,1_4,1_4&#8243; use_custom_gutter=&#8220;on&#8220; gutter_width=&#8220;1&#8243; make_equal=&#8220;on&#8220; _builder_version=&#8220;4.21.0&#8243; _module_preset=&#8220;default&#8220; width=&#8220;100%&#8220; max_width=&#8220;2560px&#8220; max_height=&#8220;900px&#8220; max_height_tablet=&#8220;900px&#8220; max_height_phone=&#8220;&#8220; max_height_last_edited=&#8220;on|phone&#8220; custom_margin=&#8220;0px||0px||false|false&#8220; custom_padding=&#8220;0px||0px||false|false&#8220; global_colors_info=&#8220;{}&#8220;][et_pb_column type=&#8220;1_4&#8243; _builder_version=&#8220;4.21.0&#8243; _module_preset=&#8220;default&#8220; global_colors_info=&#8220;{}&#8220;][et_pb_text _builder_version=&#8220;4.21.0&#8243; _module_preset=&#8220;default&#8220; text_font=&#8220;Inter|800||on|||||&#8220; text_text_color=&#8220;#FFFFFF&#8220; header_font=&#8220;Inter|700|||||||&#8220; header_text_align=&#8220;center&#8220; header_text_color=&#8220;#FFFFFF&#8220; header_font_size=&#8220;43px&#8220; header_line_height=&#8220;20em&#8220; use_background_color_gradient=&#8220;on&#8220; background_color_gradient_type=&#8220;circular&#8220; background_color_gradient_stops=&#8220;rgba(37,34,34,0.3) 0%|rgba(9, 8, 8, 0.88) 59%|#000000 100%&#8220; background_color_gradient_overlays_image=&#8220;on&#8220; background_image=&#8220;https:\/\/www.wohlklang-audio.at\/wp-content\/uploads\/2023\/07\/Live_Projekte_Bild_A-scaled.jpg&#8220; min_height=&#8220;900px&#8220; min_height_tablet=&#8220;450px&#8220; min_height_phone=&#8220;250px&#8220; min_height_last_edited=&#8220;on|phone&#8220; link_option_url=&#8220;#liveprojekte-info&#8220; header_font_size_tablet=&#8220;28px&#8220; header_font_size_phone=&#8220;28px&#8220; header_font_size_last_edited=&#8220;on|phone&#8220; header_line_height_tablet=&#8220;15em&#8220; header_line_height_phone=&#8220;10em&#8220; header_line_height_last_edited=&#8220;on|phone&#8220; global_colors_info=&#8220;{}&#8220;]<\/p>\n<h1>Live Projekte<\/h1>\n<p>[\/et_pb_text][\/et_pb_column][et_pb_column type=&#8220;1_4&#8243; _builder_version=&#8220;4.21.0&#8243; _module_preset=&#8220;default&#8220; global_colors_info=&#8220;{}&#8220;][et_pb_text _builder_version=&#8220;4.21.0&#8243; _module_preset=&#8220;default&#8220; text_font=&#8220;Inter|800||on|||||&#8220; text_text_color=&#8220;#FFFFFF&#8220; header_font=&#8220;Inter|700|||||||&#8220; header_text_align=&#8220;center&#8220; header_text_color=&#8220;#FFFFFF&#8220; header_font_size=&#8220;43px&#8220; header_line_height=&#8220;20em&#8220; use_background_color_gradient=&#8220;on&#8220; background_color_gradient_type=&#8220;circular&#8220; background_color_gradient_stops=&#8220;rgba(37,34,34,0.3) 0%|rgba(9, 8, 8, 0.88) 59%|#000000 100%&#8220; background_color_gradient_overlays_image=&#8220;on&#8220; background_image=&#8220;https:\/\/www.wohlklang-audio.at\/wp-content\/uploads\/2023\/07\/Mastering_Bild_A-scaled.jpg&#8220; min_height=&#8220;900px&#8220; min_height_tablet=&#8220;450px&#8220; min_height_phone=&#8220;250px&#8220; min_height_last_edited=&#8220;on|phone&#8220; link_option_url=&#8220;#mastering-info&#8220; header_font_size_tablet=&#8220;28px&#8220; header_font_size_phone=&#8220;28px&#8220; header_font_size_last_edited=&#8220;on|phone&#8220; header_line_height_tablet=&#8220;15em&#8220; header_line_height_phone=&#8220;10em&#8220; header_line_height_last_edited=&#8220;on|phone&#8220; global_colors_info=&#8220;{}&#8220;]<\/p>\n<h1>Mastering<\/h1>\n<p>[\/et_pb_text][\/et_pb_column][et_pb_column type=&#8220;1_4&#8243; _builder_version=&#8220;4.21.0&#8243; _module_preset=&#8220;default&#8220; global_colors_info=&#8220;{}&#8220;][et_pb_text _builder_version=&#8220;4.21.0&#8243; _module_preset=&#8220;default&#8220; text_font=&#8220;Inter|800||on|||||&#8220; text_text_color=&#8220;#FFFFFF&#8220; header_font=&#8220;Inter|700|||||||&#8220; header_text_align=&#8220;center&#8220; header_text_color=&#8220;#FFFFFF&#8220; header_font_size=&#8220;43px&#8220; header_line_height=&#8220;20em&#8220; use_background_color_gradient=&#8220;on&#8220; background_color_gradient_type=&#8220;circular&#8220; background_color_gradient_stops=&#8220;rgba(37,34,34,0.3) 0%|rgba(9, 8, 8, 0.88) 59%|#000000 100%&#8220; background_color_gradient_overlays_image=&#8220;on&#8220; background_image=&#8220;https:\/\/www.wohlklang-audio.at\/wp-content\/uploads\/2023\/07\/SoundDesign_Bild_A-scaled.jpg&#8220; min_height=&#8220;900px&#8220; min_height_tablet=&#8220;450px&#8220; min_height_phone=&#8220;250px&#8220; min_height_last_edited=&#8220;on|phone&#8220; link_option_url=&#8220;#sounddesign-info&#8220; header_font_size_tablet=&#8220;28px&#8220; header_font_size_phone=&#8220;28px&#8220; header_font_size_last_edited=&#8220;on|phone&#8220; header_line_height_tablet=&#8220;15em&#8220; header_line_height_phone=&#8220;10em&#8220; header_line_height_last_edited=&#8220;on|phone&#8220; global_colors_info=&#8220;{}&#8220;]<\/p>\n<h1>Sound Design<\/h1>\n<p>[\/et_pb_text][\/et_pb_column][et_pb_column type=&#8220;1_4&#8243; _builder_version=&#8220;4.21.0&#8243; _module_preset=&#8220;default&#8220; global_colors_info=&#8220;{}&#8220;][et_pb_text _builder_version=&#8220;4.21.0&#8243; _module_preset=&#8220;default&#8220; text_font=&#8220;Inter|800||on|||||&#8220; text_text_color=&#8220;#FFFFFF&#8220; header_font=&#8220;Inter|700|||||||&#8220; header_text_align=&#8220;center&#8220; header_text_color=&#8220;#FFFFFF&#8220; header_font_size=&#8220;43px&#8220; header_line_height=&#8220;20em&#8220; use_background_color_gradient=&#8220;on&#8220; background_color_gradient_type=&#8220;circular&#8220; background_color_gradient_stops=&#8220;rgba(37,34,34,0.3) 0%|rgba(9, 8, 8, 0.88) 59%|#000000 100%&#8220; background_color_gradient_overlays_image=&#8220;on&#8220; background_image=&#8220;https:\/\/www.wohlklang-audio.at\/wp-content\/uploads\/2023\/07\/AkustikDesign_Bild_A-scaled.jpg&#8220; min_height=&#8220;900px&#8220; min_height_tablet=&#8220;450px&#8220; min_height_phone=&#8220;250px&#8220; min_height_last_edited=&#8220;on|phone&#8220; link_option_url=&#8220;#akustikdesign-info&#8220; header_font_size_tablet=&#8220;28px&#8220; header_font_size_phone=&#8220;28px&#8220; header_font_size_last_edited=&#8220;on|phone&#8220; header_line_height_tablet=&#8220;15em&#8220; header_line_height_phone=&#8220;10em&#8220; header_line_height_last_edited=&#8220;on|phone&#8220; global_colors_info=&#8220;{}&#8220;]<\/p>\n<h1>Akustik Design<\/h1>\n<p>[\/et_pb_text][\/et_pb_column][\/et_pb_row][\/et_pb_section][et_pb_section fb_built=&#8220;1&#8243; specialty=&#8220;on&#8220; module_id=&#8220;liveprojekte-info&#8220; _builder_version=&#8220;4.21.0&#8243; _module_preset=&#8220;default&#8220; background_color=&#8220;#221f1f&#8220; global_colors_info=&#8220;{}&#8220;][et_pb_column type=&#8220;1_2&#8243; specialty_columns=&#8220;2&#8243; _builder_version=&#8220;4.16&#8243; custom_padding=&#8220;|||&#8220; global_colors_info=&#8220;{}&#8220; custom_padding__hover=&#8220;|||&#8220;][et_pb_row_inner _builder_version=&#8220;4.21.0&#8243; _module_preset=&#8220;default&#8220; global_colors_info=&#8220;{}&#8220;][et_pb_column_inner saved_specialty_column_type=&#8220;1_2&#8243; _builder_version=&#8220;4.21.0&#8243; _module_preset=&#8220;default&#8220; global_colors_info=&#8220;{}&#8220;][et_pb_blurb title=&#8220;Live Projekte&#8220; image=&#8220;https:\/\/www.wohlklang-audio.at\/wp-content\/uploads\/2023\/07\/Line1.png&#8220; icon_placement=&#8220;left&#8220; _builder_version=&#8220;4.21.0&#8243; _module_preset=&#8220;default&#8220; header_font=&#8220;|||on|||||&#8220; header_text_align=&#8220;center&#8220; body_link_text_color=&#8220;#FFFFFF&#8220; background_layout=&#8220;dark&#8220; global_colors_info=&#8220;{}&#8220;]<\/p>\n<p>Verwirklichen Sie mehr, Ihrer Live-Projekte mithilfe meiner langj\u00e4hrigen Erfahrung und meines handwerklichen Geschicks auf diesem Gebiet. Ganz egal ob Konferenztechnik, Theatertechnik oder Live-Recording , finden wir die passende Verwirklichung f\u00fcr Ihr Live-Projekt.<br \/>Jetzt mehr <a href=\"https:\/\/www.wohlklang-audio.at\/index.php\/live-projekte\/\"><strong>Verwirklichen<\/strong> &gt;&gt;<\/a><\/p>\n<p>[\/et_pb_blurb][\/et_pb_column_inner][\/et_pb_row_inner][\/et_pb_column][et_pb_column type=&#8220;1_2&#8243; _builder_version=&#8220;4.16&#8243; custom_padding=&#8220;|||&#8220; global_colors_info=&#8220;{}&#8220; custom_padding__hover=&#8220;|||&#8220;][et_pb_image src=&#8220;https:\/\/www.wohlklang-audio.at\/wp-content\/uploads\/2023\/07\/Live_Projekte_Bild_A-scaled.jpg&#8220; title_text=&#8220;Live_Projekte_Bild_A&#8220; url=&#8220;https:\/\/www.wohlklang-audio.at\/index.php\/live-projekte\/&#8220; _builder_version=&#8220;4.21.0&#8243; _module_preset=&#8220;default&#8220; global_colors_info=&#8220;{}&#8220;][\/et_pb_image][\/et_pb_column][\/et_pb_section][et_pb_section fb_built=&#8220;1&#8243; specialty=&#8220;on&#8220; module_id=&#8220;mastering-info&#8220; _builder_version=&#8220;4.21.0&#8243; _module_preset=&#8220;default&#8220; background_color=&#8220;#252222&#8243; global_colors_info=&#8220;{}&#8220;][et_pb_column type=&#8220;1_2&#8243; _builder_version=&#8220;4.16&#8243; custom_padding=&#8220;|||&#8220; global_colors_info=&#8220;{}&#8220; custom_padding__hover=&#8220;|||&#8220;][et_pb_image src=&#8220;https:\/\/www.wohlklang-audio.at\/wp-content\/uploads\/2023\/07\/Mastering_Bild_A-scaled.jpg&#8220; title_text=&#8220;Mastering_Bild_A&#8220; url=&#8220;https:\/\/www.wohlklang-audio.at\/index.php\/mastering\/&#8220; _builder_version=&#8220;4.21.0&#8243; _module_preset=&#8220;default&#8220; global_colors_info=&#8220;{}&#8220;][\/et_pb_image][\/et_pb_column][et_pb_column type=&#8220;1_2&#8243; specialty_columns=&#8220;2&#8243; _builder_version=&#8220;4.16&#8243; custom_padding=&#8220;|||&#8220; global_colors_info=&#8220;{}&#8220; custom_padding__hover=&#8220;|||&#8220;][et_pb_row_inner _builder_version=&#8220;4.21.0&#8243; _module_preset=&#8220;default&#8220; global_colors_info=&#8220;{}&#8220;][et_pb_column_inner saved_specialty_column_type=&#8220;1_2&#8243; _builder_version=&#8220;4.21.0&#8243; _module_preset=&#8220;default&#8220; global_colors_info=&#8220;{}&#8220;][et_pb_blurb title=&#8220;Mastering&#8220; image=&#8220;https:\/\/www.wohlklang-audio.at\/wp-content\/uploads\/2023\/07\/Line2.png&#8220; icon_placement=&#8220;left&#8220; _builder_version=&#8220;4.21.0&#8243; _module_preset=&#8220;default&#8220; header_font=&#8220;|||on|||||&#8220; body_link_text_color=&#8220;#FFFFFF&#8220; background_layout=&#8220;dark&#8220; custom_css_blurb_image=&#8220;margin-left: 12px;&#8220; custom_css_blurb_content=&#8220;display: flex;||flex-direction: row-reverse;&#8220; global_colors_info=&#8220;{}&#8220;]<\/p>\n<p>Gelangen Sie durch mein geschultes Ohr und technisches Wissen zu einem dynamischen und klaren aber auch rauschfreien und harmonischen Audio-Mastering. Egal welches Zielformat Sie sich f\u00fcr Ihr Audio-Mastering w\u00fcnschen, wir finden die richtige Umsetzung.<br \/>Jetzt dazu <a href=\"https:\/\/www.wohlklang-audio.at\/index.php\/mastering\/\"><strong>Gelangen<\/strong> &gt;&gt;<\/a><\/p>\n<p>[\/et_pb_blurb][\/et_pb_column_inner][\/et_pb_row_inner][\/et_pb_column][\/et_pb_section][et_pb_section fb_built=&#8220;1&#8243; specialty=&#8220;on&#8220; module_id=&#8220;sounddesign-info&#8220; _builder_version=&#8220;4.21.0&#8243; _module_preset=&#8220;default&#8220; background_color=&#8220;#221f1f&#8220; global_colors_info=&#8220;{}&#8220;][et_pb_column type=&#8220;1_2&#8243; specialty_columns=&#8220;2&#8243; _builder_version=&#8220;4.16&#8243; custom_padding=&#8220;|||&#8220; global_colors_info=&#8220;{}&#8220; custom_padding__hover=&#8220;|||&#8220;][et_pb_row_inner _builder_version=&#8220;4.21.0&#8243; _module_preset=&#8220;default&#8220; global_colors_info=&#8220;{}&#8220;][et_pb_column_inner saved_specialty_column_type=&#8220;1_2&#8243; _builder_version=&#8220;4.21.0&#8243; _module_preset=&#8220;default&#8220; global_colors_info=&#8220;{}&#8220;][et_pb_blurb title=&#8220;Sound  Design&#8220; image=&#8220;https:\/\/www.wohlklang-audio.at\/wp-content\/uploads\/2023\/07\/Line3.png&#8220; icon_placement=&#8220;left&#8220; _builder_version=&#8220;4.21.0&#8243; _module_preset=&#8220;default&#8220; header_font=&#8220;|||on|||||&#8220; body_link_text_color=&#8220;#FFFFFF&#8220; background_layout=&#8220;dark&#8220; global_colors_info=&#8220;{}&#8220;]<\/p>\n<p>Kreieren Sie mit meiner langj\u00e4hrigen Erfahrung das perfekte Sound Design zu Ihrem Projekt. Ganz egal ob Apps, Spiele, Kurzfilme und Werbekampagnen. Als erfahrener Sounddesigner und Komponist biete ich Ihnen ma\u00dfgeschneiderte Kompositionen, audio IDs, Signations, Filmmusik und Werbejingles.<br \/>Jetzt mehr<a href=\"https:\/\/www.wohlklang-audio.at\/index.php\/sound-design\/\"> <strong>Kreieren<\/strong> &gt;&gt;<\/a><\/p>\n<p>[\/et_pb_blurb][\/et_pb_column_inner][\/et_pb_row_inner][\/et_pb_column][et_pb_column type=&#8220;1_2&#8243; _builder_version=&#8220;4.16&#8243; custom_padding=&#8220;|||&#8220; global_colors_info=&#8220;{}&#8220; custom_padding__hover=&#8220;|||&#8220;][et_pb_image src=&#8220;https:\/\/www.wohlklang-audio.at\/wp-content\/uploads\/2023\/07\/SoundDesign_Bild_A-scaled.jpg&#8220; title_text=&#8220;SoundDesign_Bild_A&#8220; url=&#8220;https:\/\/www.wohlklang-audio.at\/index.php\/sound-design\/&#8220; _builder_version=&#8220;4.21.0&#8243; _module_preset=&#8220;default&#8220; global_colors_info=&#8220;{}&#8220;][\/et_pb_image][\/et_pb_column][\/et_pb_section][et_pb_section fb_built=&#8220;1&#8243; specialty=&#8220;on&#8220; module_id=&#8220;akustikdesign-info&#8220; _builder_version=&#8220;4.21.0&#8243; _module_preset=&#8220;default&#8220; background_color=&#8220;#252222&#8243; global_colors_info=&#8220;{}&#8220;][et_pb_column type=&#8220;1_2&#8243; _builder_version=&#8220;4.16&#8243; custom_padding=&#8220;|||&#8220; global_colors_info=&#8220;{}&#8220; custom_padding__hover=&#8220;|||&#8220;][et_pb_image src=&#8220;https:\/\/www.wohlklang-audio.at\/wp-content\/uploads\/2023\/07\/AkustikDesign_Bild_A-scaled.jpg&#8220; title_text=&#8220;AkustikDesign_Bild_A&#8220; url=&#8220;https:\/\/www.wohlklang-audio.at\/index.php\/akustik-design\/&#8220; _builder_version=&#8220;4.21.0&#8243; _module_preset=&#8220;default&#8220; global_colors_info=&#8220;{}&#8220;][\/et_pb_image][\/et_pb_column][et_pb_column type=&#8220;1_2&#8243; specialty_columns=&#8220;2&#8243; _builder_version=&#8220;4.16&#8243; custom_padding=&#8220;|||&#8220; global_colors_info=&#8220;{}&#8220; custom_padding__hover=&#8220;|||&#8220;][et_pb_row_inner _builder_version=&#8220;4.21.0&#8243; _module_preset=&#8220;default&#8220; global_colors_info=&#8220;{}&#8220;][et_pb_column_inner saved_specialty_column_type=&#8220;1_2&#8243; _builder_version=&#8220;4.21.0&#8243; _module_preset=&#8220;default&#8220; global_colors_info=&#8220;{}&#8220;][et_pb_blurb title=&#8220;Akustik Design&#8220; image=&#8220;https:\/\/www.wohlklang-audio.at\/wp-content\/uploads\/2023\/07\/Line4.png&#8220; icon_placement=&#8220;left&#8220; _builder_version=&#8220;4.21.0&#8243; _module_preset=&#8220;default&#8220; header_font=&#8220;|||on|||||&#8220; body_link_text_color=&#8220;#FFFFFF&#8220; background_layout=&#8220;dark&#8220; custom_css_blurb_image=&#8220;margin-left: 12px;&#8220; custom_css_blurb_content=&#8220;display: flex;||flex-direction: row-reverse;&#8220; global_colors_info=&#8220;{}&#8220;]<\/p>\n<p>Optimieren Sie die Raumakustik Ihrer Besprechungsr\u00e4ume f\u00fcr eine reibungslose Kommunikation und bessere Ergebnisse in Videokonferenzen! Als professioneller Akustiker unterst\u00fctze ich Sie dabei, die Schallreflexion in Ihren R\u00e4umlichkeiten zu minimieren und eine angenehme Arbeitsumgebung zu schaffen.<br \/>Jetzt mehr <a href=\"https:\/\/www.wohlklang-audio.at\/index.php\/akustik-design\/\"><strong>Optimieren<\/strong> &gt;&gt;<\/a><\/p>\n<p>[\/et_pb_blurb][\/et_pb_column_inner][\/et_pb_row_inner][\/et_pb_column][\/et_pb_section]<\/p>\n","protected":false},"excerpt":{"rendered":"<p>Live ProjekteMasteringSound DesignAkustik DesignVerwirklichen Sie mehr, Ihrer Live-Projekte mithilfe meiner langj\u00e4hrigen Erfahrung und meines handwerklichen Geschicks auf diesem Gebiet. Ganz egal ob Konferenztechnik, Theatertechnik oder Live-Recording , finden wir die passende Verwirklichung f\u00fcr Ihr Live-Projekt.Jetzt mehr Verwirklichen &gt;&gt;Gelangen Sie durch mein geschultes Ohr und technisches Wissen zu einem dynamischen und klaren aber auch rauschfreien und [&hellip;]<\/p>\n","protected":false},"author":1,"featured_media":0,"parent":0,"menu_order":0,"comment_status":"closed","ping_status":"closed","template":"","meta":{"_et_pb_use_builder":"on","_et_pb_old_content":"","_et_gb_content_width":"","footnotes":""},"class_list":["post-9","page","type-page","status-publish","hentry"],"_links":{"self":[{"href":"https:\/\/www.wohlklang-audio.at\/index.php\/wp-json\/wp\/v2\/pages\/9","targetHints":{"allow":["GET"]}}],"collection":[{"href":"https:\/\/www.wohlklang-audio.at\/index.php\/wp-json\/wp\/v2\/pages"}],"about":[{"href":"https:\/\/www.wohlklang-audio.at\/index.php\/wp-json\/wp\/v2\/types\/page"}],"author":[{"embeddable":true,"href":"https:\/\/www.wohlklang-audio.at\/index.php\/wp-json\/wp\/v2\/users\/1"}],"replies":[{"embeddable":true,"href":"https:\/\/www.wohlklang-audio.at\/index.php\/wp-json\/wp\/v2\/comments?post=9"}],"version-history":[{"count":26,"href":"https:\/\/www.wohlklang-audio.at\/index.php\/wp-json\/wp\/v2\/pages\/9\/revisions"}],"predecessor-version":[{"id":215,"href":"https:\/\/www.wohlklang-audio.at\/index.php\/wp-json\/wp\/v2\/pages\/9\/revisions\/215"}],"wp:attachment":[{"href":"https:\/\/www.wohlklang-audio.at\/index.php\/wp-json\/wp\/v2\/media?parent=9"}],"curies":[{"name":"wp","href":"https:\/\/api.w.org\/{rel}","templated":true}]}}