{"id":82,"date":"2023-07-25T14:35:19","date_gmt":"2023-07-25T14:35:19","guid":{"rendered":"https:\/\/www.wohlklang-audio.at\/?page_id=82"},"modified":"2023-09-19T11:18:30","modified_gmt":"2023-09-19T11:18:30","slug":"live-projekte","status":"publish","type":"page","link":"https:\/\/www.wohlklang-audio.at\/index.php\/live-projekte\/","title":{"rendered":"Live Projekte"},"content":{"rendered":"<p>[et_pb_section fb_built=&#8220;1&#8243; fullwidth=&#8220;on&#8220; _builder_version=&#8220;4.21.0&#8243; _module_preset=&#8220;default&#8220; use_background_color_gradient=&#8220;on&#8220; background_color_gradient_type=&#8220;circular&#8220; background_color_gradient_stops=&#8220;rgba(37,34,34,0.3) 0%|rgba(7, 6, 6, 0.87) 50%|#000000 100%&#8220; background_color_gradient_overlays_image=&#8220;on&#8220; background_image=&#8220;https:\/\/www.wohlklang-audio.at\/wp-content\/uploads\/2023\/07\/Live_Projekte_Bild_A-scaled.jpg&#8220; global_colors_info=&#8220;{}&#8220;][et_pb_fullwidth_header title=&#8220;Live Projekte&#8220; _builder_version=&#8220;4.21.0&#8243; _module_preset=&#8220;default&#8220; title_font=&#8220;Inter|700||on|||||&#8220; title_text_align=&#8220;center&#8220; title_font_size=&#8220;43px&#8220; title_line_height=&#8220;15em&#8220; background_enable_color=&#8220;off&#8220; title_font_size_tablet=&#8220;43px&#8220; title_font_size_phone=&#8220;28px&#8220; title_font_size_last_edited=&#8220;on|phone&#8220; global_colors_info=&#8220;{}&#8220;][\/et_pb_fullwidth_header][\/et_pb_section][et_pb_section fb_built=&#8220;1&#8243; specialty=&#8220;on&#8220; module_id=&#8220;liveprojekte-info&#8220; _builder_version=&#8220;4.21.0&#8243; _module_preset=&#8220;default&#8220; background_color=&#8220;#221f1f&#8220; global_colors_info=&#8220;{}&#8220;][et_pb_column type=&#8220;1_2&#8243; specialty_columns=&#8220;2&#8243; _builder_version=&#8220;4.16&#8243; custom_padding=&#8220;|||&#8220; global_colors_info=&#8220;{}&#8220; custom_padding__hover=&#8220;|||&#8220;][et_pb_row_inner _builder_version=&#8220;4.21.0&#8243; _module_preset=&#8220;default&#8220; global_colors_info=&#8220;{}&#8220;][et_pb_column_inner saved_specialty_column_type=&#8220;1_2&#8243; _builder_version=&#8220;4.21.0&#8243; _module_preset=&#8220;default&#8220; global_colors_info=&#8220;{}&#8220;][et_pb_blurb title=&#8220;Live Projekte &#8211; was biete ich an?&#8220; image=&#8220;https:\/\/www.wohlklang-audio.at\/wp-content\/uploads\/2023\/07\/Line1.png&#8220; icon_placement=&#8220;left&#8220; _builder_version=&#8220;4.22.1&#8243; _module_preset=&#8220;default&#8220; header_font=&#8220;|||on|||||&#8220; background_layout=&#8220;dark&#8220; hover_enabled=&#8220;0&#8243; global_colors_info=&#8220;{}&#8220; sticky_enabled=&#8220;0&#8243;]<\/p>\n<p>Bereits seit 30 Jahren sammle ich Erfahrungen im Live- und Theaterbereich.\u00a0 Nun m\u00f6chte ich dieses Wissen und Handwerk selbst\u00e4ndig als Dienstleistung anbieten. Egal ob B\u00fchnen-, Licht- oder Audiotechnik wir finden gemeinsam das Richtige f\u00fcr Ihre Live-Veranstaltung.<br \/>\u00dcberzeugt? Dann Kontaktieren Sie mich einfach und wir setzen uns zusammen f\u00fcr Ihre Verwirklichung.<br \/>Nicht \u00fcberzeugt? Dann schauen Sie sich gerne meine bisherigen Projekte an.<\/p>\n<p>[\/et_pb_blurb][\/et_pb_column_inner][\/et_pb_row_inner][\/et_pb_column][et_pb_column type=&#8220;1_2&#8243; _builder_version=&#8220;4.16&#8243; custom_padding=&#8220;|||&#8220; global_colors_info=&#8220;{}&#8220; custom_padding__hover=&#8220;|||&#8220;][et_pb_image src=&#8220;https:\/\/www.wohlklang-audio.at\/wp-content\/uploads\/2023\/07\/Live_Projekte_Bild_B-scaled.jpg&#8220; title_text=&#8220;Live_Projekte_Bild_B&#8220; _builder_version=&#8220;4.21.0&#8243; _module_preset=&#8220;default&#8220; global_colors_info=&#8220;{}&#8220;][\/et_pb_image][\/et_pb_column][\/et_pb_section][et_pb_section fb_built=&#8220;1&#8243; specialty=&#8220;on&#8220; module_id=&#8220;mastering-info&#8220; _builder_version=&#8220;4.21.0&#8243; _module_preset=&#8220;default&#8220; background_color=&#8220;#252222&#8243; global_colors_info=&#8220;{}&#8220;][et_pb_column type=&#8220;1_2&#8243; _builder_version=&#8220;4.16&#8243; custom_padding=&#8220;|||&#8220; global_colors_info=&#8220;{}&#8220; custom_padding__hover=&#8220;|||&#8220;][et_pb_image src=&#8220;https:\/\/www.wohlklang-audio.at\/wp-content\/uploads\/2023\/07\/Live_Projekte_Bild_C-scaled.jpg&#8220; title_text=&#8220;Live_Projekte_Bild_C&#8220; _builder_version=&#8220;4.21.0&#8243; _module_preset=&#8220;default&#8220; global_colors_info=&#8220;{}&#8220;][\/et_pb_image][\/et_pb_column][et_pb_column type=&#8220;1_2&#8243; specialty_columns=&#8220;2&#8243; _builder_version=&#8220;4.16&#8243; custom_padding=&#8220;|||&#8220; global_colors_info=&#8220;{}&#8220; custom_padding__hover=&#8220;|||&#8220;][et_pb_row_inner _builder_version=&#8220;4.21.0&#8243; _module_preset=&#8220;default&#8220; global_colors_info=&#8220;{}&#8220;][et_pb_column_inner saved_specialty_column_type=&#8220;1_2&#8243; _builder_version=&#8220;4.21.0&#8243; _module_preset=&#8220;default&#8220; global_colors_info=&#8220;{}&#8220;][et_pb_blurb title=&#8220;ARTEN VON LIVE PROJEKTEN&#8220; image=&#8220;https:\/\/www.wohlklang-audio.at\/wp-content\/uploads\/2023\/07\/Line2.png&#8220; icon_placement=&#8220;left&#8220; _builder_version=&#8220;4.21.0&#8243; _module_preset=&#8220;default&#8220; header_font=&#8220;|||on|||||&#8220; background_layout=&#8220;dark&#8220; custom_css_blurb_image=&#8220;margin-left: 12px;&#8220; custom_css_blurb_content=&#8220;display: flex;||flex-direction: row-reverse;&#8220; global_colors_info=&#8220;{}&#8220;]<\/p>\n<p>Doch welche M\u00f6glichkeiten haben Sie zur Verwirklichung mit mir? Ich biete Ihnen eine breite Facette, zugeschnitten auf Ihre W\u00fcnsche, an.<\/p>\n<p>&nbsp;<\/p>\n<ul>\n<li>Konferenztechnik<\/li>\n<li>Lichttechnik<\/li>\n<li>Audiotechnik<\/li>\n<li>Liveregie<\/li>\n<li>Live Recording<\/li>\n<li>Theatertechnik<\/li>\n<\/ul>\n<p>[\/et_pb_blurb][\/et_pb_column_inner][\/et_pb_row_inner][\/et_pb_column][\/et_pb_section][et_pb_section fb_built=&#8220;1&#8243; specialty=&#8220;on&#8220; module_id=&#8220;sounddesign-info&#8220; _builder_version=&#8220;4.21.0&#8243; _module_preset=&#8220;default&#8220; background_color=&#8220;#221f1f&#8220; global_colors_info=&#8220;{}&#8220;][et_pb_column type=&#8220;1_2&#8243; specialty_columns=&#8220;2&#8243; _builder_version=&#8220;4.16&#8243; custom_padding=&#8220;|||&#8220; global_colors_info=&#8220;{}&#8220; custom_padding__hover=&#8220;|||&#8220;][et_pb_row_inner _builder_version=&#8220;4.21.0&#8243; _module_preset=&#8220;default&#8220; global_colors_info=&#8220;{}&#8220;][et_pb_column_inner saved_specialty_column_type=&#8220;1_2&#8243; _builder_version=&#8220;4.21.0&#8243; _module_preset=&#8220;default&#8220; global_colors_info=&#8220;{}&#8220;][et_pb_blurb title=&#8220;Preise&#8220; image=&#8220;https:\/\/www.wohlklang-audio.at\/wp-content\/uploads\/2023\/07\/Line3.png&#8220; icon_placement=&#8220;left&#8220; _builder_version=&#8220;4.21.0&#8243; _module_preset=&#8220;default&#8220; header_font=&#8220;|||on|||||&#8220; background_layout=&#8220;dark&#8220; global_colors_info=&#8220;{}&#8220;]<\/p>\n<p>Ich verrechne einen Stundensatz von <strong>45\u20ac, <\/strong>jedoch h\u00e4ngt dies auch von Ihrem Auftrag sowie der Dauer ab.<\/p>\n<p>Sollten Zusatzkosten entstehen wie z.B. die Beschaffung spezieller Ger\u00e4tschaften, werden diese nat\u00fcrlich extra verrechnet.<\/p>\n<p>[\/et_pb_blurb][\/et_pb_column_inner][\/et_pb_row_inner][\/et_pb_column][et_pb_column type=&#8220;1_2&#8243; _builder_version=&#8220;4.16&#8243; custom_padding=&#8220;|||&#8220; global_colors_info=&#8220;{}&#8220; custom_padding__hover=&#8220;|||&#8220;][et_pb_image src=&#8220;https:\/\/www.wohlklang-audio.at\/wp-content\/uploads\/2023\/07\/Live_Projekte_Bild_D-scaled.jpg&#8220; title_text=&#8220;Live_Projekte_Bild_D&#8220; _builder_version=&#8220;4.21.0&#8243; _module_preset=&#8220;default&#8220; global_colors_info=&#8220;{}&#8220;][\/et_pb_image][\/et_pb_column][\/et_pb_section]<\/p>\n","protected":false},"excerpt":{"rendered":"<p>Bereits seit 30 Jahren sammle ich Erfahrungen im Live- und Theaterbereich.\u00a0 Nun m\u00f6chte ich dieses Wissen und Handwerk selbst\u00e4ndig als Dienstleistung anbieten. Egal ob B\u00fchnen-, Licht- oder Audiotechnik wir finden gemeinsam das Richtige f\u00fcr Ihre Live-Veranstaltung.\u00dcberzeugt? Dann Kontaktieren Sie mich einfach und wir setzen uns zusammen f\u00fcr Ihre Verwirklichung.Nicht \u00fcberzeugt? Dann schauen Sie sich gerne [&hellip;]<\/p>\n","protected":false},"author":1,"featured_media":0,"parent":0,"menu_order":0,"comment_status":"closed","ping_status":"closed","template":"","meta":{"_et_pb_use_builder":"on","_et_pb_old_content":"","_et_gb_content_width":"","footnotes":""},"class_list":["post-82","page","type-page","status-publish","hentry"],"_links":{"self":[{"href":"https:\/\/www.wohlklang-audio.at\/index.php\/wp-json\/wp\/v2\/pages\/82","targetHints":{"allow":["GET"]}}],"collection":[{"href":"https:\/\/www.wohlklang-audio.at\/index.php\/wp-json\/wp\/v2\/pages"}],"about":[{"href":"https:\/\/www.wohlklang-audio.at\/index.php\/wp-json\/wp\/v2\/types\/page"}],"author":[{"embeddable":true,"href":"https:\/\/www.wohlklang-audio.at\/index.php\/wp-json\/wp\/v2\/users\/1"}],"replies":[{"embeddable":true,"href":"https:\/\/www.wohlklang-audio.at\/index.php\/wp-json\/wp\/v2\/comments?post=82"}],"version-history":[{"count":12,"href":"https:\/\/www.wohlklang-audio.at\/index.php\/wp-json\/wp\/v2\/pages\/82\/revisions"}],"predecessor-version":[{"id":225,"href":"https:\/\/www.wohlklang-audio.at\/index.php\/wp-json\/wp\/v2\/pages\/82\/revisions\/225"}],"wp:attachment":[{"href":"https:\/\/www.wohlklang-audio.at\/index.php\/wp-json\/wp\/v2\/media?parent=82"}],"curies":[{"name":"wp","href":"https:\/\/api.w.org\/{rel}","templated":true}]}}