{"id":159,"date":"2023-07-25T16:26:46","date_gmt":"2023-07-25T16:26:46","guid":{"rendered":"https:\/\/www.wohlklang-audio.at\/?page_id=159"},"modified":"2025-03-24T18:23:15","modified_gmt":"2025-03-24T18:23:15","slug":"kontakt","status":"publish","type":"page","link":"https:\/\/www.wohlklang-audio.at\/index.php\/kontakt\/","title":{"rendered":"Kontakt"},"content":{"rendered":"<p>[et_pb_section fb_built=&#8220;1&#8243; fullwidth=&#8220;on&#8220; _builder_version=&#8220;4.21.0&#8243; _module_preset=&#8220;default&#8220; use_background_color_gradient=&#8220;on&#8220; background_color_gradient_type=&#8220;circular&#8220; background_color_gradient_stops=&#8220;rgba(37,34,34,0.3) 0%|rgba(7, 6, 6, 0.87) 50%|#000000 100%&#8220; background_color_gradient_overlays_image=&#8220;on&#8220; background_image=&#8220;https:\/\/www.wohlklang-audio.at\/wp-content\/uploads\/2023\/07\/Mastering_Bild_D-scaled.jpg&#8220; global_colors_info=&#8220;{}&#8220;][et_pb_fullwidth_header title=&#8220;Kontakt&#8220; _builder_version=&#8220;4.21.0&#8243; _module_preset=&#8220;default&#8220; title_font=&#8220;Inter|700||on|||||&#8220; title_text_align=&#8220;center&#8220; title_font_size=&#8220;43px&#8220; title_line_height=&#8220;15em&#8220; background_enable_color=&#8220;off&#8220; title_font_size_tablet=&#8220;43px&#8220; title_font_size_phone=&#8220;28px&#8220; title_font_size_last_edited=&#8220;on|desktop&#8220; global_colors_info=&#8220;{}&#8220;][\/et_pb_fullwidth_header][\/et_pb_section][et_pb_section fb_built=&#8220;1&#8243; _builder_version=&#8220;4.21.0&#8243; _module_preset=&#8220;default&#8220; background_color=&#8220;#252222&#8243; custom_padding=&#8220;0px||0px||false|false&#8220; global_colors_info=&#8220;{}&#8220;][et_pb_row use_custom_gutter=&#8220;on&#8220; gutter_width=&#8220;2&#8243; make_equal=&#8220;on&#8220; _builder_version=&#8220;4.21.0&#8243; _module_preset=&#8220;default&#8220; background_color=&#8220;#394053&#8243; max_width=&#8220;1300px&#8220; custom_margin=&#8220;||||false|false&#8220; custom_padding=&#8220;50px|25px|500px|25px|false|true&#8220; global_colors_info=&#8220;{}&#8220;][et_pb_column type=&#8220;4_4&#8243; _builder_version=&#8220;4.21.0&#8243; _module_preset=&#8220;default&#8220; global_colors_info=&#8220;{}&#8220;][et_pb_blurb title=&#8220;Wohlklang Audio&#8220; _builder_version=&#8220;4.27.4&#8243; _module_preset=&#8220;default&#8220; header_font=&#8220;Inter|600|||||||&#8220; header_text_color=&#8220;#FFFFFF&#8220; body_text_color=&#8220;#f5f5f5&#8243; body_link_text_color=&#8220;#f5f5f5&#8243; background_layout=&#8220;dark&#8220; hover_enabled=&#8220;0&#8243; global_colors_info=&#8220;{}&#8220; sticky_enabled=&#8220;0&#8243;]<\/p>\n<p style=\"text-align: left;\">Heinke Aussenegg<br \/>Br\u00e4um\u00fchlweg 25<br \/>5101 Bergheim bei Salzburg<br \/>\u00d6sterreich<\/p>\n<p>[\/et_pb_blurb][et_pb_blurb _builder_version=&#8220;4.27.4&#8243; _module_preset=&#8220;default&#8220; header_font=&#8220;Inter|600|||||||&#8220; header_text_color=&#8220;#FFFFFF&#8220; body_text_color=&#8220;#f5f5f5&#8243; body_link_text_color=&#8220;#f5f5f5&#8243; background_layout=&#8220;dark&#8220; custom_margin=&#8220;27px|||||&#8220; hover_enabled=&#8220;0&#8243; global_colors_info=&#8220;{}&#8220; module_alignment=&#8220;left&#8220; body_text_align=&#8220;left&#8220; sticky_enabled=&#8220;0&#8243;]<\/p>\n<p>Telefonisch unter:<br \/><span style=\"text-decoration: underline;\"><a href=\"tel:+43 650 5263799\">+43 650 5263799<\/a><\/span><br \/>von Montag &#8211; Freitag<br \/>10:00 &#8211; 18:00<\/p>\n<p>oder per E-Mail an:<br \/><span style=\"text-decoration: underline;\"><a href=\"mailto:h.aussenegg@aon.at\">h.aussenegg@aon.at<\/a><\/span><\/p>\n<p>[\/et_pb_blurb][et_pb_social_media_follow _builder_version=&#8220;4.21.0&#8243; _module_preset=&#8220;default&#8220; text_orientation=&#8220;center&#8220; locked=&#8220;off&#8220; global_colors_info=&#8220;{}&#8220; custom_margin=&#8220;||1px|||&#8220;][et_pb_social_media_follow_network social_network=&#8220;facebook&#8220; url=&#8220;https:\/\/www.facebook.com\/profile.php?id=100092169860166&#8243; icon_color=&#8220;#394053&#8243; use_icon_font_size=&#8220;on&#8220; icon_font_size=&#8220;20px&#8220; _builder_version=&#8220;4.21.0&#8243; _module_preset=&#8220;default&#8220; background_color=&#8220;#FFFFFF&#8220; background_enable_color=&#8220;on&#8220; border_radii=&#8220;on|30px|30px|30px|30px&#8220; global_colors_info=&#8220;{}&#8220; follow_button=&#8220;off&#8220; url_new_window=&#8220;on&#8220;]facebook[\/et_pb_social_media_follow_network][et_pb_social_media_follow_network social_network=&#8220;linkedin&#8220; url=&#8220;https:\/\/www.linkedin.com\/in\/heinke-aussenegg-702a0840\/&#8220; icon_color=&#8220;#394053&#8243; use_icon_font_size=&#8220;on&#8220; icon_font_size=&#8220;20px&#8220; _builder_version=&#8220;4.21.0&#8243; _module_preset=&#8220;default&#8220; background_color=&#8220;#FFFFFF&#8220; background_enable_color=&#8220;on&#8220; border_radii=&#8220;on|30px|30px|30px|30px&#8220; global_colors_info=&#8220;{}&#8220; follow_button=&#8220;off&#8220; url_new_window=&#8220;on&#8220;]linkedin[\/et_pb_social_media_follow_network][\/et_pb_social_media_follow][\/et_pb_column][\/et_pb_row][\/et_pb_section]<\/p>\n","protected":false},"excerpt":{"rendered":"<p>Heinke AusseneggBr\u00e4um\u00fchlweg 255101 Bergheim bei Salzburg\u00d6sterreichTelefonisch unter:+43 650 5263799von Montag &#8211; Freitag10:00 &#8211; 18:00 oder per E-Mail an:h.aussenegg@aon.at<\/p>\n","protected":false},"author":1,"featured_media":0,"parent":0,"menu_order":0,"comment_status":"closed","ping_status":"closed","template":"","meta":{"_et_pb_use_builder":"on","_et_pb_old_content":"","_et_gb_content_width":"","footnotes":""},"class_list":["post-159","page","type-page","status-publish","hentry"],"_links":{"self":[{"href":"https:\/\/www.wohlklang-audio.at\/index.php\/wp-json\/wp\/v2\/pages\/159","targetHints":{"allow":["GET"]}}],"collection":[{"href":"https:\/\/www.wohlklang-audio.at\/index.php\/wp-json\/wp\/v2\/pages"}],"about":[{"href":"https:\/\/www.wohlklang-audio.at\/index.php\/wp-json\/wp\/v2\/types\/page"}],"author":[{"embeddable":true,"href":"https:\/\/www.wohlklang-audio.at\/index.php\/wp-json\/wp\/v2\/users\/1"}],"replies":[{"embeddable":true,"href":"https:\/\/www.wohlklang-audio.at\/index.php\/wp-json\/wp\/v2\/comments?post=159"}],"version-history":[{"count":7,"href":"https:\/\/www.wohlklang-audio.at\/index.php\/wp-json\/wp\/v2\/pages\/159\/revisions"}],"predecessor-version":[{"id":242,"href":"https:\/\/www.wohlklang-audio.at\/index.php\/wp-json\/wp\/v2\/pages\/159\/revisions\/242"}],"wp:attachment":[{"href":"https:\/\/www.wohlklang-audio.at\/index.php\/wp-json\/wp\/v2\/media?parent=159"}],"curies":[{"name":"wp","href":"https:\/\/api.w.org\/{rel}","templated":true}]}}