{"id":105,"date":"2023-07-25T15:10:48","date_gmt":"2023-07-25T15:10:48","guid":{"rendered":"https:\/\/www.wohlklang-audio.at\/?page_id=105"},"modified":"2023-09-19T17:56:58","modified_gmt":"2023-09-19T17:56:58","slug":"akustik-design","status":"publish","type":"page","link":"https:\/\/www.wohlklang-audio.at\/index.php\/akustik-design\/","title":{"rendered":"Akustik Design"},"content":{"rendered":"<p>[et_pb_section fb_built=&#8220;1&#8243; fullwidth=&#8220;on&#8220; _builder_version=&#8220;4.21.0&#8243; _module_preset=&#8220;default&#8220; use_background_color_gradient=&#8220;on&#8220; background_color_gradient_type=&#8220;circular&#8220; background_color_gradient_stops=&#8220;rgba(37,34,34,0.3) 0%|rgba(7, 6, 6, 0.87) 50%|#000000 100%&#8220; background_color_gradient_overlays_image=&#8220;on&#8220; background_image=&#8220;https:\/\/www.wohlklang-audio.at\/wp-content\/uploads\/2023\/07\/AkustikDesign_Bild_A-scaled.jpg&#8220; global_colors_info=&#8220;{}&#8220;][et_pb_fullwidth_header title=&#8220;Akustik  Design&#8220; _builder_version=&#8220;4.21.0&#8243; _module_preset=&#8220;default&#8220; title_font=&#8220;Inter|700||on|||||&#8220; title_text_align=&#8220;center&#8220; title_font_size=&#8220;43px&#8220; title_line_height=&#8220;15em&#8220; background_enable_color=&#8220;off&#8220; title_font_size_tablet=&#8220;43px&#8220; title_font_size_phone=&#8220;24px&#8220; title_font_size_last_edited=&#8220;on|phone&#8220; global_colors_info=&#8220;{}&#8220;][\/et_pb_fullwidth_header][\/et_pb_section][et_pb_section fb_built=&#8220;1&#8243; specialty=&#8220;on&#8220; module_id=&#8220;liveprojekte-info&#8220; _builder_version=&#8220;4.21.0&#8243; _module_preset=&#8220;default&#8220; background_color=&#8220;#221f1f&#8220; global_colors_info=&#8220;{}&#8220;][et_pb_column type=&#8220;1_2&#8243; specialty_columns=&#8220;2&#8243; _builder_version=&#8220;4.16&#8243; custom_padding=&#8220;|||&#8220; global_colors_info=&#8220;{}&#8220; custom_padding__hover=&#8220;|||&#8220;][et_pb_row_inner _builder_version=&#8220;4.21.0&#8243; _module_preset=&#8220;default&#8220; global_colors_info=&#8220;{}&#8220;][et_pb_column_inner saved_specialty_column_type=&#8220;1_2&#8243; _builder_version=&#8220;4.21.0&#8243; _module_preset=&#8220;default&#8220; global_colors_info=&#8220;{}&#8220;][et_pb_blurb title=&#8220;Optimieren Sie ihre Raumakustik&#8220; image=&#8220;https:\/\/www.wohlklang-audio.at\/wp-content\/uploads\/2023\/07\/Line1.png&#8220; icon_placement=&#8220;left&#8220; _builder_version=&#8220;4.21.0&#8243; _module_preset=&#8220;default&#8220; header_font=&#8220;|||on|||||&#8220; background_layout=&#8220;dark&#8220; global_colors_info=&#8220;{}&#8220;]<\/p>\n<p>Optimieren Sie die Raumakustik Ihrer Besprechungsr\u00e4ume f\u00fcr eine reibungslose Kommunikation und bessere Ergebnisse in Videokonferenzen! Als Fachmann unterst\u00fctze ich Sie dabei, die Schallreflexion in Ihren R\u00e4umlichkeiten zu minimieren und eine angenehme Arbeitsumgebung zu schaffen. Profitieren Sie von einer verbesserten Sprachverst\u00e4ndlichkeit, h\u00f6herer Konzentration und einem professionellen Eindruck bei Kunden und Partnern. Kontaktieren Sie mich noch heute, um Ihre Raumakustik zu optimieren!<\/p>\n<p>[\/et_pb_blurb][\/et_pb_column_inner][\/et_pb_row_inner][\/et_pb_column][et_pb_column type=&#8220;1_2&#8243; _builder_version=&#8220;4.16&#8243; custom_padding=&#8220;|||&#8220; global_colors_info=&#8220;{}&#8220; custom_padding__hover=&#8220;|||&#8220;][et_pb_image src=&#8220;https:\/\/www.wohlklang-audio.at\/wp-content\/uploads\/2023\/07\/AkustikDesign_Bild_B-scaled.jpg&#8220; title_text=&#8220;AkustikDesign_Bild_B&#8220; url=&#8220;https:\/\/www.salz-audio.com&#8220; url_new_window=&#8220;on&#8220; _builder_version=&#8220;4.21.0&#8243; _module_preset=&#8220;default&#8220; global_colors_info=&#8220;{}&#8220;][\/et_pb_image][\/et_pb_column][\/et_pb_section][et_pb_section fb_built=&#8220;1&#8243; specialty=&#8220;on&#8220; module_id=&#8220;mastering-info&#8220; _builder_version=&#8220;4.21.0&#8243; _module_preset=&#8220;default&#8220; background_color=&#8220;#252222&#8243; global_colors_info=&#8220;{}&#8220;][et_pb_column type=&#8220;1_2&#8243; _builder_version=&#8220;4.16&#8243; custom_padding=&#8220;|||&#8220; global_colors_info=&#8220;{}&#8220; custom_padding__hover=&#8220;|||&#8220;][et_pb_image src=&#8220;https:\/\/www.wohlklang-audio.at\/wp-content\/uploads\/2023\/07\/AkustikDesign_Bild_D-scaled.jpg&#8220; title_text=&#8220;AkustikDesign_Bild_D&#8220; _builder_version=&#8220;4.21.0&#8243; _module_preset=&#8220;default&#8220; global_colors_info=&#8220;{}&#8220;][\/et_pb_image][\/et_pb_column][et_pb_column type=&#8220;1_2&#8243; specialty_columns=&#8220;2&#8243; _builder_version=&#8220;4.16&#8243; custom_padding=&#8220;|||&#8220; global_colors_info=&#8220;{}&#8220; custom_padding__hover=&#8220;|||&#8220;][et_pb_row_inner _builder_version=&#8220;4.21.0&#8243; _module_preset=&#8220;default&#8220; global_colors_info=&#8220;{}&#8220;][et_pb_column_inner saved_specialty_column_type=&#8220;1_2&#8243; _builder_version=&#8220;4.21.0&#8243; _module_preset=&#8220;default&#8220; global_colors_info=&#8220;{}&#8220;][et_pb_blurb title=&#8220;Raumakustik-Optimierung f\u00fcr Unternehmen&#8220; image=&#8220;https:\/\/www.wohlklang-audio.at\/wp-content\/uploads\/2023\/07\/Line2.png&#8220; icon_placement=&#8220;left&#8220; _builder_version=&#8220;4.21.0&#8243; _module_preset=&#8220;default&#8220; header_font=&#8220;|||on|||||&#8220; background_layout=&#8220;dark&#8220; custom_css_blurb_image=&#8220;margin-left: 12px;&#8220; custom_css_blurb_content=&#8220;display: flex;||flex-direction: row-reverse;&#8220; global_colors_info=&#8220;{}&#8220;]<\/p>\n<p>Insgesamt ist die Raumakustik-Optimierung f\u00fcr Unternehmen, die Videokonferenzen vermehrt einsetzen, von gro\u00dfer Bedeutung. Durch die Reduzierung von st\u00f6renden Ger\u00e4uschen und die Schaffung einer angenehmen Arbeitsumgebung k\u00f6nnen Unternehmen die Qualit\u00e4t ihrer Kommunikation verbessern, die Effizienz steigern und einen professionellen Eindruck vermitteln.<\/p>\n<p>Als professioneller Akustiker mit umfangreicher Erfahrung in der Raumakustik-Optimierung m\u00f6chte ich Ihnen meine Dienste anbieten, um Ihre Videokonferenzen und Besprechungsr\u00e4ume auf ein neues Level zu bringen.<\/p>\n<p>[\/et_pb_blurb][\/et_pb_column_inner][\/et_pb_row_inner][\/et_pb_column][\/et_pb_section][et_pb_section fb_built=&#8220;1&#8243; specialty=&#8220;on&#8220; module_id=&#8220;sounddesign-info&#8220; _builder_version=&#8220;4.21.0&#8243; _module_preset=&#8220;default&#8220; background_color=&#8220;#221f1f&#8220; global_colors_info=&#8220;{}&#8220;][et_pb_column type=&#8220;1_2&#8243; specialty_columns=&#8220;2&#8243; _builder_version=&#8220;4.16&#8243; custom_padding=&#8220;|||&#8220; global_colors_info=&#8220;{}&#8220; custom_padding__hover=&#8220;|||&#8220;][et_pb_row_inner _builder_version=&#8220;4.21.0&#8243; _module_preset=&#8220;default&#8220; global_colors_info=&#8220;{}&#8220;][et_pb_column_inner saved_specialty_column_type=&#8220;1_2&#8243; _builder_version=&#8220;4.21.0&#8243; _module_preset=&#8220;default&#8220; global_colors_info=&#8220;{}&#8220;][et_pb_blurb title=&#8220;Preise&#8220; image=&#8220;https:\/\/www.wohlklang-audio.at\/wp-content\/uploads\/2023\/07\/Line3.png&#8220; icon_placement=&#8220;left&#8220; _builder_version=&#8220;4.21.0&#8243; _module_preset=&#8220;default&#8220; header_font=&#8220;|||on|||||&#8220; background_layout=&#8220;dark&#8220; global_colors_info=&#8220;{}&#8220;]<\/p>\n<p>F\u00fcr Akustikkonsulting berechne ich einen Stundensatz von <strong>55\u20ac<\/strong>.\u00a0<\/p>\n<p>[\/et_pb_blurb][\/et_pb_column_inner][\/et_pb_row_inner][\/et_pb_column][et_pb_column type=&#8220;1_2&#8243; _builder_version=&#8220;4.16&#8243; custom_padding=&#8220;|||&#8220; global_colors_info=&#8220;{}&#8220; custom_padding__hover=&#8220;|||&#8220;][et_pb_image src=&#8220;https:\/\/www.wohlklang-audio.at\/wp-content\/uploads\/2023\/07\/AkustikDesign_Bild_C-scaled.jpg&#8220; title_text=&#8220;AkustikDesign_Bild_C&#8220; _builder_version=&#8220;4.21.0&#8243; _module_preset=&#8220;default&#8220; global_colors_info=&#8220;{}&#8220;][\/et_pb_image][\/et_pb_column][\/et_pb_section]<\/p>\n","protected":false},"excerpt":{"rendered":"<p>Optimieren Sie die Raumakustik Ihrer Besprechungsr\u00e4ume f\u00fcr eine reibungslose Kommunikation und bessere Ergebnisse in Videokonferenzen! Als Fachmann unterst\u00fctze ich Sie dabei, die Schallreflexion in Ihren R\u00e4umlichkeiten zu minimieren und eine angenehme Arbeitsumgebung zu schaffen. Profitieren Sie von einer verbesserten Sprachverst\u00e4ndlichkeit, h\u00f6herer Konzentration und einem professionellen Eindruck bei Kunden und Partnern. Kontaktieren Sie mich noch heute, [&hellip;]<\/p>\n","protected":false},"author":1,"featured_media":0,"parent":0,"menu_order":0,"comment_status":"closed","ping_status":"closed","template":"","meta":{"_et_pb_use_builder":"on","_et_pb_old_content":"","_et_gb_content_width":"","footnotes":""},"class_list":["post-105","page","type-page","status-publish","hentry"],"_links":{"self":[{"href":"https:\/\/www.wohlklang-audio.at\/index.php\/wp-json\/wp\/v2\/pages\/105","targetHints":{"allow":["GET"]}}],"collection":[{"href":"https:\/\/www.wohlklang-audio.at\/index.php\/wp-json\/wp\/v2\/pages"}],"about":[{"href":"https:\/\/www.wohlklang-audio.at\/index.php\/wp-json\/wp\/v2\/types\/page"}],"author":[{"embeddable":true,"href":"https:\/\/www.wohlklang-audio.at\/index.php\/wp-json\/wp\/v2\/users\/1"}],"replies":[{"embeddable":true,"href":"https:\/\/www.wohlklang-audio.at\/index.php\/wp-json\/wp\/v2\/comments?post=105"}],"version-history":[{"count":9,"href":"https:\/\/www.wohlklang-audio.at\/index.php\/wp-json\/wp\/v2\/pages\/105\/revisions"}],"predecessor-version":[{"id":234,"href":"https:\/\/www.wohlklang-audio.at\/index.php\/wp-json\/wp\/v2\/pages\/105\/revisions\/234"}],"wp:attachment":[{"href":"https:\/\/www.wohlklang-audio.at\/index.php\/wp-json\/wp\/v2\/media?parent=105"}],"curies":[{"name":"wp","href":"https:\/\/api.w.org\/{rel}","templated":true}]}}