{"id":100,"date":"2023-07-25T15:08:29","date_gmt":"2023-07-25T15:08:29","guid":{"rendered":"https:\/\/www.wohlklang-audio.at\/?page_id=100"},"modified":"2023-09-19T11:30:16","modified_gmt":"2023-09-19T11:30:16","slug":"sound-design","status":"publish","type":"page","link":"https:\/\/www.wohlklang-audio.at\/index.php\/sound-design\/","title":{"rendered":"Sound Design"},"content":{"rendered":"<p>[et_pb_section fb_built=&#8220;1&#8243; fullwidth=&#8220;on&#8220; _builder_version=&#8220;4.21.0&#8243; _module_preset=&#8220;default&#8220; use_background_color_gradient=&#8220;on&#8220; background_color_gradient_type=&#8220;circular&#8220; background_color_gradient_stops=&#8220;rgba(37,34,34,0.3) 0%|rgba(7, 6, 6, 0.87) 50%|#000000 100%&#8220; background_color_gradient_overlays_image=&#8220;on&#8220; background_image=&#8220;https:\/\/www.wohlklang-audio.at\/wp-content\/uploads\/2023\/07\/SoundDesign_Bild_A-scaled.jpg&#8220; global_colors_info=&#8220;{}&#8220;][et_pb_fullwidth_header title=&#8220;Sound Design&#8220; _builder_version=&#8220;4.21.0&#8243; _module_preset=&#8220;default&#8220; title_font=&#8220;Inter|700||on|||||&#8220; title_text_align=&#8220;center&#8220; title_font_size=&#8220;43px&#8220; title_line_height=&#8220;15em&#8220; background_enable_color=&#8220;off&#8220; title_font_size_tablet=&#8220;43px&#8220; title_font_size_phone=&#8220;28px&#8220; title_font_size_last_edited=&#8220;on|phone&#8220; global_colors_info=&#8220;{}&#8220;][\/et_pb_fullwidth_header][\/et_pb_section][et_pb_section fb_built=&#8220;1&#8243; specialty=&#8220;on&#8220; module_id=&#8220;liveprojekte-info&#8220; _builder_version=&#8220;4.21.0&#8243; _module_preset=&#8220;default&#8220; background_color=&#8220;#221f1f&#8220; global_colors_info=&#8220;{}&#8220;][et_pb_column type=&#8220;1_2&#8243; specialty_columns=&#8220;2&#8243; _builder_version=&#8220;4.16&#8243; custom_padding=&#8220;|||&#8220; global_colors_info=&#8220;{}&#8220; custom_padding__hover=&#8220;|||&#8220;][et_pb_row_inner _builder_version=&#8220;4.21.0&#8243; _module_preset=&#8220;default&#8220; global_colors_info=&#8220;{}&#8220;][et_pb_column_inner saved_specialty_column_type=&#8220;1_2&#8243; _builder_version=&#8220;4.21.0&#8243; _module_preset=&#8220;default&#8220; global_colors_info=&#8220;{}&#8220;][et_pb_blurb title=&#8220;die perfekte Klangkulisse f\u00fcr Ihr Projekt kreieren!&#8220; image=&#8220;https:\/\/www.wohlklang-audio.at\/wp-content\/uploads\/2023\/07\/Line1.png&#8220; icon_placement=&#8220;left&#8220; _builder_version=&#8220;4.21.0&#8243; _module_preset=&#8220;default&#8220; header_font=&#8220;|||on|||||&#8220; background_layout=&#8220;dark&#8220; global_colors_info=&#8220;{}&#8220;]<\/p>\n<p>Entdecken Sie den perfekten Klang f\u00fcr Ihre Apps, Spiele, Kurzfilme und Werbekampagnen! Als erfahrener Sounddesigner und Komponist biete ich Ihnen ma\u00dfgeschneiderte Kompositionen, audio IDs, Signations, Filmmusik und Werbejingles. Mit langj\u00e4hriger Erfahrung und Leidenschaft f\u00fcr Klanggestaltung kann ich Ihre Ideen zum Leben erwecken und einzigartige Soundlandschaften schaffen. Von der Konzeption bis zum fertig gemasterten Produkt stehe ich Ihnen zur Seite, um Ihre Botschaft mit eindringlicher Musik zu unterst\u00fctzen. Lassen Sie uns gemeinsam die perfekte Klangkulisse f\u00fcr Ihr Projekt kreieren!<\/p>\n<p>[\/et_pb_blurb][\/et_pb_column_inner][\/et_pb_row_inner][\/et_pb_column][et_pb_column type=&#8220;1_2&#8243; _builder_version=&#8220;4.16&#8243; custom_padding=&#8220;|||&#8220; global_colors_info=&#8220;{}&#8220; custom_padding__hover=&#8220;|||&#8220;][et_pb_image src=&#8220;https:\/\/www.wohlklang-audio.at\/wp-content\/uploads\/2023\/07\/SoundDesign_Bild_B-scaled.jpg&#8220; title_text=&#8220;SoundDesign_Bild_B&#8220; _builder_version=&#8220;4.21.0&#8243; _module_preset=&#8220;default&#8220; global_colors_info=&#8220;{}&#8220;][\/et_pb_image][\/et_pb_column][\/et_pb_section][et_pb_section fb_built=&#8220;1&#8243; specialty=&#8220;on&#8220; module_id=&#8220;mastering-info&#8220; _builder_version=&#8220;4.21.0&#8243; _module_preset=&#8220;default&#8220; background_color=&#8220;#252222&#8243; global_colors_info=&#8220;{}&#8220;][et_pb_column type=&#8220;1_2&#8243; _builder_version=&#8220;4.16&#8243; custom_padding=&#8220;|||&#8220; global_colors_info=&#8220;{}&#8220; custom_padding__hover=&#8220;|||&#8220;][et_pb_image src=&#8220;https:\/\/www.wohlklang-audio.at\/wp-content\/uploads\/2023\/07\/SoundDesign_Bild_D.jpg&#8220; title_text=&#8220;SoundDesign_Bild_D&#8220; _builder_version=&#8220;4.21.0&#8243; _module_preset=&#8220;default&#8220; global_colors_info=&#8220;{}&#8220;][\/et_pb_image][\/et_pb_column][et_pb_column type=&#8220;1_2&#8243; specialty_columns=&#8220;2&#8243; _builder_version=&#8220;4.16&#8243; custom_padding=&#8220;|||&#8220; global_colors_info=&#8220;{}&#8220; custom_padding__hover=&#8220;|||&#8220;][et_pb_row_inner _builder_version=&#8220;4.21.0&#8243; _module_preset=&#8220;default&#8220; global_colors_info=&#8220;{}&#8220;][et_pb_column_inner saved_specialty_column_type=&#8220;1_2&#8243; _builder_version=&#8220;4.21.0&#8243; _module_preset=&#8220;default&#8220; global_colors_info=&#8220;{}&#8220;][et_pb_blurb title=&#8220;Die Alles aus einer Hand L\u00f6sung&#8220; image=&#8220;https:\/\/www.wohlklang-audio.at\/wp-content\/uploads\/2023\/07\/Line2.png&#8220; icon_placement=&#8220;left&#8220; _builder_version=&#8220;4.21.0&#8243; _module_preset=&#8220;default&#8220; header_font=&#8220;|||on|||||&#8220; background_layout=&#8220;dark&#8220; custom_css_blurb_image=&#8220;margin-left: 12px;&#8220; custom_css_blurb_content=&#8220;display: flex;||flex-direction: row-reverse;&#8220; global_colors_info=&#8220;{}&#8220;]<\/p>\n<p>Entdecken Sie die umfassende L\u00f6sung f\u00fcr Ihre Audio-Bed\u00fcrfnisse! Als erfahrener Sounddesigner, Komponist und Sprecher biete ich Ihnen alles aus einer Hand f\u00fcr die Audio-Produktion Ihrer Videotutorials. Von der Konzeption \u00fcber die Komposition bis hin zur finalen Klangoptimierung und Sprecheraufnahmen &#8211; ich stehe Ihnen zur Seite, um Ihren Projekten den perfekten Klang zu verleihen. Vorteile einer &#8222;Alles aus einer Hand&#8220;-L\u00f6sung:<\/p>\n<ol>\n<li>Konsistenz und Einheitlichkeit<br \/>2. Effizienz und Zeitersparnis<br \/>3. Synergieeffekte und kreative Zusammenarbeit<br \/>4. Fachkompetenz und Erfahrung<\/li>\n<\/ol>\n<p>[\/et_pb_blurb][\/et_pb_column_inner][\/et_pb_row_inner][\/et_pb_column][\/et_pb_section][et_pb_section fb_built=&#8220;1&#8243; specialty=&#8220;on&#8220; module_id=&#8220;sounddesign-info&#8220; _builder_version=&#8220;4.21.0&#8243; _module_preset=&#8220;default&#8220; background_color=&#8220;#221f1f&#8220; global_colors_info=&#8220;{}&#8220;][et_pb_column type=&#8220;1_2&#8243; specialty_columns=&#8220;2&#8243; _builder_version=&#8220;4.16&#8243; custom_padding=&#8220;|||&#8220; global_colors_info=&#8220;{}&#8220; custom_padding__hover=&#8220;|||&#8220;][et_pb_row_inner _builder_version=&#8220;4.21.0&#8243; _module_preset=&#8220;default&#8220; global_colors_info=&#8220;{}&#8220;][et_pb_column_inner saved_specialty_column_type=&#8220;1_2&#8243; _builder_version=&#8220;4.21.0&#8243; _module_preset=&#8220;default&#8220; global_colors_info=&#8220;{}&#8220;][et_pb_blurb title=&#8220;beeindruckende Audio-Erfahrung &#8220; image=&#8220;https:\/\/www.wohlklang-audio.at\/wp-content\/uploads\/2023\/07\/Line3.png&#8220; icon_placement=&#8220;left&#8220; _builder_version=&#8220;4.21.0&#8243; _module_preset=&#8220;default&#8220; header_font=&#8220;|||on|||||&#8220; background_layout=&#8220;dark&#8220; global_colors_info=&#8220;{}&#8220;]<\/p>\n<p>Von der fesselnden Musik \u00fcber hochwertige Soundeffekte bis hin zur klaren und \u00fcberzeugenden Sprecherstimme &#8211; lassen Sie mich Ihre Videotutorials mit einer ganzheitlichen und beeindruckenden Audio-Erfahrung bereichern. Entscheiden Sie sich f\u00fcr die &#8222;Alles aus einer Hand&#8220;-L\u00f6sung und erleben Sie den Unterschied, den professionelle Audio-Produktion f\u00fcr Ihre Projekte machen kann.<\/p>\n<p>[\/et_pb_blurb][\/et_pb_column_inner][\/et_pb_row_inner][\/et_pb_column][et_pb_column type=&#8220;1_2&#8243; _builder_version=&#8220;4.16&#8243; custom_padding=&#8220;|||&#8220; global_colors_info=&#8220;{}&#8220; custom_padding__hover=&#8220;|||&#8220;][et_pb_image src=&#8220;https:\/\/www.wohlklang-audio.at\/wp-content\/uploads\/2023\/07\/SoundDesign_Bild_E-scaled.jpg&#8220; title_text=&#8220;SoundDesign_Bild_E&#8220; _builder_version=&#8220;4.21.0&#8243; _module_preset=&#8220;default&#8220; global_colors_info=&#8220;{}&#8220;][\/et_pb_image][\/et_pb_column][\/et_pb_section][et_pb_section fb_built=&#8220;1&#8243; specialty=&#8220;on&#8220; module_id=&#8220;mastering-info&#8220; _builder_version=&#8220;4.21.0&#8243; _module_preset=&#8220;default&#8220; background_color=&#8220;#252222&#8243; global_colors_info=&#8220;{}&#8220;][et_pb_column type=&#8220;1_2&#8243; _builder_version=&#8220;4.16&#8243; custom_padding=&#8220;|||&#8220; global_colors_info=&#8220;{}&#8220; custom_padding__hover=&#8220;|||&#8220;][et_pb_image src=&#8220;https:\/\/www.wohlklang-audio.at\/wp-content\/uploads\/2023\/07\/SoundDesign_Bild_C-scaled.jpg&#8220; title_text=&#8220;SoundDesign_Bild_C&#8220; _builder_version=&#8220;4.21.0&#8243; _module_preset=&#8220;default&#8220; global_colors_info=&#8220;{}&#8220;][\/et_pb_image][\/et_pb_column][et_pb_column type=&#8220;1_2&#8243; specialty_columns=&#8220;2&#8243; _builder_version=&#8220;4.16&#8243; custom_padding=&#8220;|||&#8220; global_colors_info=&#8220;{}&#8220; custom_padding__hover=&#8220;|||&#8220;][et_pb_row_inner _builder_version=&#8220;4.21.0&#8243; _module_preset=&#8220;default&#8220; global_colors_info=&#8220;{}&#8220;][et_pb_column_inner saved_specialty_column_type=&#8220;1_2&#8243; _builder_version=&#8220;4.21.0&#8243; _module_preset=&#8220;default&#8220; global_colors_info=&#8220;{}&#8220;][et_pb_blurb title=&#8220;Preise&#8220; image=&#8220;https:\/\/www.wohlklang-audio.at\/wp-content\/uploads\/2023\/07\/Line4.png&#8220; icon_placement=&#8220;left&#8220; _builder_version=&#8220;4.21.0&#8243; _module_preset=&#8220;default&#8220; header_font=&#8220;|||on|||||&#8220; background_layout=&#8220;dark&#8220; custom_css_blurb_image=&#8220;margin-left: 12px;&#8220; custom_css_blurb_content=&#8220;display: flex;||flex-direction: row-reverse;&#8220; global_colors_info=&#8220;{}&#8220;]<\/p>\n<p>F\u00fcr\u00a0 Sound Design verrechne ich einen Stundensatz von <strong>45\u20ac<\/strong>. \u00dcblicherweise wird vorab der Arbeitsaufwand projektiert und anhand der zu erwartenden Aufw\u00e4nde mit Ihnen ein Paketpreis vereinbart.\u00a0\u00a0<\/p>\n<p>[\/et_pb_blurb][\/et_pb_column_inner][\/et_pb_row_inner][\/et_pb_column][\/et_pb_section]<\/p>\n","protected":false},"excerpt":{"rendered":"<p>Entdecken Sie den perfekten Klang f\u00fcr Ihre Apps, Spiele, Kurzfilme und Werbekampagnen! Als erfahrener Sounddesigner und Komponist biete ich Ihnen ma\u00dfgeschneiderte Kompositionen, audio IDs, Signations, Filmmusik und Werbejingles. Mit langj\u00e4hriger Erfahrung und Leidenschaft f\u00fcr Klanggestaltung kann ich Ihre Ideen zum Leben erwecken und einzigartige Soundlandschaften schaffen. Von der Konzeption bis zum fertig gemasterten Produkt stehe [&hellip;]<\/p>\n","protected":false},"author":1,"featured_media":0,"parent":0,"menu_order":0,"comment_status":"closed","ping_status":"closed","template":"","meta":{"_et_pb_use_builder":"on","_et_pb_old_content":"","_et_gb_content_width":"","footnotes":""},"class_list":["post-100","page","type-page","status-publish","hentry"],"_links":{"self":[{"href":"https:\/\/www.wohlklang-audio.at\/index.php\/wp-json\/wp\/v2\/pages\/100","targetHints":{"allow":["GET"]}}],"collection":[{"href":"https:\/\/www.wohlklang-audio.at\/index.php\/wp-json\/wp\/v2\/pages"}],"about":[{"href":"https:\/\/www.wohlklang-audio.at\/index.php\/wp-json\/wp\/v2\/types\/page"}],"author":[{"embeddable":true,"href":"https:\/\/www.wohlklang-audio.at\/index.php\/wp-json\/wp\/v2\/users\/1"}],"replies":[{"embeddable":true,"href":"https:\/\/www.wohlklang-audio.at\/index.php\/wp-json\/wp\/v2\/comments?post=100"}],"version-history":[{"count":7,"href":"https:\/\/www.wohlklang-audio.at\/index.php\/wp-json\/wp\/v2\/pages\/100\/revisions"}],"predecessor-version":[{"id":233,"href":"https:\/\/www.wohlklang-audio.at\/index.php\/wp-json\/wp\/v2\/pages\/100\/revisions\/233"}],"wp:attachment":[{"href":"https:\/\/www.wohlklang-audio.at\/index.php\/wp-json\/wp\/v2\/media?parent=100"}],"curies":[{"name":"wp","href":"https:\/\/api.w.org\/{rel}","templated":true}]}}